{"id":239,"date":"2020-10-23T13:06:25","date_gmt":"2020-10-23T10:06:25","guid":{"rendered":"https:\/\/startertemplatecloud.com\/g02\/product\/t-shirt-four\/"},"modified":"2026-02-01T14:20:12","modified_gmt":"2026-02-01T14:20:12","slug":"mandarinky","status":"publish","type":"product","link":"https:\/\/hildakolektiv.com\/en\/product\/mandarinky\/","title":{"rendered":"Tangerines"},"content":{"rendered":"<p><strong>authorial risography<\/strong><\/p>\n<p>Limited edition of Tangerines risographs was created based on an original drawing. Printed in Prague at Kudla Press.<\/p>","protected":false},"excerpt":{"rendered":"<p>autorsk\u00e1 risografie Limitovan\u00e1 edice risografi\u00ed Mandarinky vznikla na z\u00e1klad\u011b origin\u00e1ln\u00ed kresby. Vytisknuto v Praze v Kudla Press.<\/p>","protected":false},"featured_media":2414,"template":"","meta":{"_kad_post_transparent":"default","_kad_post_title":"","_kad_post_layout":"default","_kad_post_sidebar_id":"","_kad_post_content_style":"default","_kad_post_vertical_padding":"default","_kad_post_feature":"","_kad_post_feature_position":"","_kad_post_header":false,"_kad_post_footer":false,"_kad_post_classname":""},"product_brand":[],"product_cat":[26,23,24],"product_tag":[],"class_list":{"0":"post-239","1":"product","2":"type-product","3":"status-publish","4":"has-post-thumbnail","6":"product_cat-adina","7":"product_cat-papir","8":"product_cat-risografie","10":"first","11":"instock","12":"featured","13":"taxable","14":"shipping-taxable","15":"purchasable","16":"product-type-simple","17":"entry","18":"content-bg","19":"loop-entry"},"_links":{"self":[{"href":"https:\/\/hildakolektiv.com\/en\/wp-json\/wp\/v2\/product\/239","targetHints":{"allow":["GET"]}}],"collection":[{"href":"https:\/\/hildakolektiv.com\/en\/wp-json\/wp\/v2\/product"}],"about":[{"href":"https:\/\/hildakolektiv.com\/en\/wp-json\/wp\/v2\/types\/product"}],"wp:featuredmedia":[{"embeddable":true,"href":"https:\/\/hildakolektiv.com\/en\/wp-json\/wp\/v2\/media\/2414"}],"wp:attachment":[{"href":"https:\/\/hildakolektiv.com\/en\/wp-json\/wp\/v2\/media?parent=239"}],"wp:term":[{"taxonomy":"product_brand","embeddable":true,"href":"https:\/\/hildakolektiv.com\/en\/wp-json\/wp\/v2\/product_brand?post=239"},{"taxonomy":"product_cat","embeddable":true,"href":"https:\/\/hildakolektiv.com\/en\/wp-json\/wp\/v2\/product_cat?post=239"},{"taxonomy":"product_tag","embeddable":true,"href":"https:\/\/hildakolektiv.com\/en\/wp-json\/wp\/v2\/product_tag?post=239"}],"curies":[{"name":"wp","href":"https:\/\/api.w.org\/{rel}","templated":true}]}}