{"id":2404,"date":"2025-11-18T19:08:32","date_gmt":"2025-11-18T19:08:32","guid":{"rendered":"https:\/\/hildakolektiv.com\/?post_type=product&#038;p=2404"},"modified":"2026-03-11T14:50:43","modified_gmt":"2026-03-11T14:50:43","slug":"plant-pot-medium","status":"publish","type":"product","link":"https:\/\/hildakolektiv.com\/en\/product\/plant-pot-medium\/","title":{"rendered":"Stoneware Plant Pot - small"},"content":{"rendered":"<p>Stoneware cachepot, glazed on the inside with a transparent glaze, designed to hold a plant in a pot with a diameter of 6 cm.<br \/>\nEach piece is hand-made, therefore individual products may vary slightly.<\/p>","protected":false},"excerpt":{"rendered":"<p>\u0160amotov\u00fd obal na kv\u011btin\u00e1\u010d, uvnit\u0159 glazovan\u00fd transparentn\u00ed glazurou, je ur\u010den\u00fd pro rostliny v kv\u011btin\u00e1\u010di s pr\u016fm\u011brem 6 cm. Ka\u017ed\u00fd kus je ru\u010dn\u011b modelovan\u00fd, proto se jednotliv\u00e9 produkty mohou nepatrn\u011b li\u0161it.<\/p>","protected":false},"featured_media":2405,"template":"","meta":{"_kad_post_transparent":"default","_kad_post_title":"","_kad_post_layout":"default","_kad_post_sidebar_id":"","_kad_post_content_style":"default","_kad_post_vertical_padding":"default","_kad_post_feature":"","_kad_post_feature_position":"","_kad_post_header":false,"_kad_post_footer":false,"_kad_post_classname":""},"product_brand":[],"product_cat":[22,28,25],"product_tag":[],"class_list":{"0":"post-2404","1":"product","2":"type-product","3":"status-publish","4":"has-post-thumbnail","6":"product_cat-keramika","7":"product_cat-patricie","8":"product_cat-pro-rostliny","10":"first","11":"instock","12":"featured","13":"taxable","14":"shipping-taxable","15":"purchasable","16":"product-type-simple","17":"entry","18":"content-bg","19":"loop-entry"},"_links":{"self":[{"href":"https:\/\/hildakolektiv.com\/en\/wp-json\/wp\/v2\/product\/2404","targetHints":{"allow":["GET"]}}],"collection":[{"href":"https:\/\/hildakolektiv.com\/en\/wp-json\/wp\/v2\/product"}],"about":[{"href":"https:\/\/hildakolektiv.com\/en\/wp-json\/wp\/v2\/types\/product"}],"wp:featuredmedia":[{"embeddable":true,"href":"https:\/\/hildakolektiv.com\/en\/wp-json\/wp\/v2\/media\/2405"}],"wp:attachment":[{"href":"https:\/\/hildakolektiv.com\/en\/wp-json\/wp\/v2\/media?parent=2404"}],"wp:term":[{"taxonomy":"product_brand","embeddable":true,"href":"https:\/\/hildakolektiv.com\/en\/wp-json\/wp\/v2\/product_brand?post=2404"},{"taxonomy":"product_cat","embeddable":true,"href":"https:\/\/hildakolektiv.com\/en\/wp-json\/wp\/v2\/product_cat?post=2404"},{"taxonomy":"product_tag","embeddable":true,"href":"https:\/\/hildakolektiv.com\/en\/wp-json\/wp\/v2\/product_tag?post=2404"}],"curies":[{"name":"wp","href":"https:\/\/api.w.org\/{rel}","templated":true}]}}