{"id":2507,"date":"2025-11-23T20:18:39","date_gmt":"2025-11-23T20:18:39","guid":{"rendered":"https:\/\/hildakolektiv.com\/?post_type=product&#038;p=2507"},"modified":"2026-03-11T15:38:14","modified_gmt":"2026-03-11T15:38:14","slug":"wild-flower-cup-blue-anemone","status":"publish","type":"product","link":"https:\/\/hildakolektiv.com\/en\/product\/wild-flower-cup-blue-anemone\/","title":{"rendered":"Wild Flower cup - Blue Anemone"},"content":{"rendered":"<p><strong>authorial glazed ceramic<\/strong><\/p>\n<p>Each piece is handmade and hand-painted, which is why individual products may vary slightly in appearance. The ceramics are certified as safe for contact with food.<\/p>","protected":false},"excerpt":{"rendered":"<p>autorsk\u00e1 glazovan\u00e1 keramika Ka\u017ed\u00fd kus je ru\u010dn\u011b vyroben\u00fd a malovan\u00fd, proto se jednotliv\u00e9 produkty mohou nepatrn\u011b li\u0161it. Keramika je certifikovan\u00e1 pro styk s potravinami.<\/p>","protected":false},"featured_media":2517,"template":"","meta":{"_kad_post_transparent":"default","_kad_post_title":"","_kad_post_layout":"default","_kad_post_sidebar_id":"","_kad_post_content_style":"default","_kad_post_vertical_padding":"default","_kad_post_feature":"","_kad_post_feature_position":"","_kad_post_header":false,"_kad_post_footer":false,"_kad_post_classname":""},"product_brand":[],"product_cat":[16,22,28],"product_tag":[39],"class_list":{"0":"post-2507","1":"product","2":"type-product","3":"status-publish","4":"has-post-thumbnail","6":"product_cat-cups","7":"product_cat-keramika","8":"product_cat-patricie","9":"product_tag-wild-flowers-collection","11":"first","12":"instock","13":"featured","14":"taxable","15":"shipping-taxable","16":"purchasable","17":"product-type-variable","18":"entry","19":"content-bg","20":"loop-entry"},"_links":{"self":[{"href":"https:\/\/hildakolektiv.com\/en\/wp-json\/wp\/v2\/product\/2507","targetHints":{"allow":["GET"]}}],"collection":[{"href":"https:\/\/hildakolektiv.com\/en\/wp-json\/wp\/v2\/product"}],"about":[{"href":"https:\/\/hildakolektiv.com\/en\/wp-json\/wp\/v2\/types\/product"}],"wp:featuredmedia":[{"embeddable":true,"href":"https:\/\/hildakolektiv.com\/en\/wp-json\/wp\/v2\/media\/2517"}],"wp:attachment":[{"href":"https:\/\/hildakolektiv.com\/en\/wp-json\/wp\/v2\/media?parent=2507"}],"wp:term":[{"taxonomy":"product_brand","embeddable":true,"href":"https:\/\/hildakolektiv.com\/en\/wp-json\/wp\/v2\/product_brand?post=2507"},{"taxonomy":"product_cat","embeddable":true,"href":"https:\/\/hildakolektiv.com\/en\/wp-json\/wp\/v2\/product_cat?post=2507"},{"taxonomy":"product_tag","embeddable":true,"href":"https:\/\/hildakolektiv.com\/en\/wp-json\/wp\/v2\/product_tag?post=2507"}],"curies":[{"name":"wp","href":"https:\/\/api.w.org\/{rel}","templated":true}]}}