{"id":308,"date":"2020-10-23T18:57:15","date_gmt":"2020-10-23T15:57:15","guid":{"rendered":"https:\/\/startertemplatecloud.com\/g02\/product\/i-see-you\/"},"modified":"2026-03-11T15:20:52","modified_gmt":"2026-03-11T15:20:52","slug":"echinacea-ii","status":"publish","type":"product","link":"https:\/\/hildakolektiv.com\/en\/product\/echinacea-ii\/","title":{"rendered":"Wild Flower cup - Pink Echinacea"},"content":{"rendered":"<p><strong>authorial glazed ceramic<\/strong><\/p>\n<p>Ka\u017ed\u00fd kus je ru\u010dn\u011b v\u00fdroben\u00fd a malovan\u00fd, proto se jednotliv\u00e9 produkty mohou nepatrn\u011b li\u0161it. Keramika je certifikovan\u00e1 pro styk s potravinami.<\/p>\n<p><em>We like to think about how important the objects we surround ourselves with for our daily rituals are. We recognize the significance of their origin and the meanings they carry.<\/em><\/p>\n<p>&nbsp;<\/p>","protected":false},"excerpt":{"rendered":"<p>autorsk\u00e1 glazovan\u00e1 keramika Ka\u017ed\u00fd kus je ru\u010dn\u011b v\u00fdroben\u00fd a malovan\u00fd, proto se jednotliv\u00e9 produkty mohou nepatrn\u011b li\u0161it. Keramika je certifikovan\u00e1 pro styk s potravinami. P\u0159em\u00fd\u0161l\u00edme, jak moc jsou d\u016fle\u017eit\u00e9 v\u011bci, kter\u00fdmi se obklopujeme b\u011bhem na\u0161ich ka\u017edodenn\u00edch ritu\u00e1l\u016f. Vn\u00edm\u00e1me d\u016fle\u017eitost jejich p\u016fvodu a n\u00e1boje, kter\u00fd nesou. &nbsp;<\/p>","protected":false},"featured_media":2519,"template":"","meta":{"_kad_post_transparent":"default","_kad_post_title":"","_kad_post_layout":"default","_kad_post_sidebar_id":"","_kad_post_content_style":"default","_kad_post_vertical_padding":"default","_kad_post_feature":"","_kad_post_feature_position":"","_kad_post_header":false,"_kad_post_footer":false,"_kad_post_classname":""},"product_brand":[],"product_cat":[16,22,28],"product_tag":[39],"class_list":{"0":"post-308","1":"product","2":"type-product","3":"status-publish","4":"has-post-thumbnail","6":"product_cat-cups","7":"product_cat-keramika","8":"product_cat-patricie","9":"product_tag-wild-flowers-collection","11":"first","12":"instock","13":"featured","14":"taxable","15":"shipping-taxable","16":"purchasable","17":"product-type-variable","18":"entry","19":"content-bg","20":"loop-entry"},"_links":{"self":[{"href":"https:\/\/hildakolektiv.com\/en\/wp-json\/wp\/v2\/product\/308","targetHints":{"allow":["GET"]}}],"collection":[{"href":"https:\/\/hildakolektiv.com\/en\/wp-json\/wp\/v2\/product"}],"about":[{"href":"https:\/\/hildakolektiv.com\/en\/wp-json\/wp\/v2\/types\/product"}],"wp:featuredmedia":[{"embeddable":true,"href":"https:\/\/hildakolektiv.com\/en\/wp-json\/wp\/v2\/media\/2519"}],"wp:attachment":[{"href":"https:\/\/hildakolektiv.com\/en\/wp-json\/wp\/v2\/media?parent=308"}],"wp:term":[{"taxonomy":"product_brand","embeddable":true,"href":"https:\/\/hildakolektiv.com\/en\/wp-json\/wp\/v2\/product_brand?post=308"},{"taxonomy":"product_cat","embeddable":true,"href":"https:\/\/hildakolektiv.com\/en\/wp-json\/wp\/v2\/product_cat?post=308"},{"taxonomy":"product_tag","embeddable":true,"href":"https:\/\/hildakolektiv.com\/en\/wp-json\/wp\/v2\/product_tag?post=308"}],"curies":[{"name":"wp","href":"https:\/\/api.w.org\/{rel}","templated":true}]}}