{"id":3333,"date":"2026-02-07T20:34:17","date_gmt":"2026-02-07T20:34:17","guid":{"rendered":"https:\/\/hildakolektiv.com\/?post_type=product&#038;p=3333"},"modified":"2026-04-12T09:37:10","modified_gmt":"2026-04-12T09:37:10","slug":"samotova-svicka-s-chrpou","status":"publish","type":"product","link":"https:\/\/hildakolektiv.com\/en\/product\/samotova-svicka-s-chrpou\/","title":{"rendered":"Stoneware Candle with Cornflower"},"content":{"rendered":"<p><strong>authorial glazed ceramic<\/strong><\/p>\n<p>The candles are made from a blend of soy and coconut wax. They contain natural essential oils of lavender, lemongrass, and bergamot. Dried cornflower is placed on top of the wax. Each piece is handmade, therefore individual products may vary slightly.<\/p>","protected":false},"excerpt":{"rendered":"<p>autorsk\u00e1 glazovan\u00e1 keramika Sv\u00ed\u010dky jsou vyroben\u00e9 ze sm\u011bsi sojov\u00e9ho a kokosov\u00e9ho vosku. Obsahuj\u00ed p\u0159\u00edrodn\u00ed esenci z levandule, citronov\u00e9 tr\u00e1vy a bergamotu. Ve vrchn\u00ed \u010d\u00e1sti vosku je su\u0161en\u00e1 chrpa. Ka\u017ed\u00fd kus je ru\u010dn\u011b vyroben\u00fd, proto se jednotliv\u00e9 produkty mohou nepatrn\u011b li\u0161it.<\/p>","protected":false},"featured_media":3342,"template":"","meta":{"_kad_post_transparent":"default","_kad_post_title":"","_kad_post_layout":"default","_kad_post_sidebar_id":"","_kad_post_content_style":"default","_kad_post_vertical_padding":"default","_kad_post_feature":"","_kad_post_feature_position":"","_kad_post_header":false,"_kad_post_footer":false,"_kad_post_classname":""},"product_brand":[],"product_cat":[22,28,32],"product_tag":[],"class_list":{"0":"post-3333","1":"product","2":"type-product","3":"status-publish","4":"has-post-thumbnail","6":"product_cat-keramika","7":"product_cat-patricie","8":"product_cat-svicky","10":"first","11":"onbackorder","12":"featured","13":"taxable","14":"shipping-taxable","15":"purchasable","16":"product-type-variable","17":"entry","18":"content-bg","19":"loop-entry"},"_links":{"self":[{"href":"https:\/\/hildakolektiv.com\/en\/wp-json\/wp\/v2\/product\/3333","targetHints":{"allow":["GET"]}}],"collection":[{"href":"https:\/\/hildakolektiv.com\/en\/wp-json\/wp\/v2\/product"}],"about":[{"href":"https:\/\/hildakolektiv.com\/en\/wp-json\/wp\/v2\/types\/product"}],"wp:featuredmedia":[{"embeddable":true,"href":"https:\/\/hildakolektiv.com\/en\/wp-json\/wp\/v2\/media\/3342"}],"wp:attachment":[{"href":"https:\/\/hildakolektiv.com\/en\/wp-json\/wp\/v2\/media?parent=3333"}],"wp:term":[{"taxonomy":"product_brand","embeddable":true,"href":"https:\/\/hildakolektiv.com\/en\/wp-json\/wp\/v2\/product_brand?post=3333"},{"taxonomy":"product_cat","embeddable":true,"href":"https:\/\/hildakolektiv.com\/en\/wp-json\/wp\/v2\/product_cat?post=3333"},{"taxonomy":"product_tag","embeddable":true,"href":"https:\/\/hildakolektiv.com\/en\/wp-json\/wp\/v2\/product_tag?post=3333"}],"curies":[{"name":"wp","href":"https:\/\/api.w.org\/{rel}","templated":true}]}}