{"id":3345,"date":"2026-02-07T20:55:58","date_gmt":"2026-02-07T20:55:58","guid":{"rendered":"https:\/\/hildakolektiv.com\/?post_type=product&#038;p=3345"},"modified":"2026-03-11T16:15:45","modified_gmt":"2026-03-11T16:15:45","slug":"svicka-s-jehlicim","status":"publish","type":"product","link":"https:\/\/hildakolektiv.com\/en\/product\/svicka-s-jehlicim\/","title":{"rendered":"Candle with Pine Bough"},"content":{"rendered":"<p><strong>authorial glazed ceramic<\/strong><\/p>\n<p>The candles are made from a blend of soy and coconut wax. They contain natural essential oils of lavender, lemongrass, and bergamot. Each piece is handmade, therefore individual products may vary slightly.<\/p>","protected":false},"excerpt":{"rendered":"<p>autorsk\u00e1 glazovan\u00e1 keramika Sv\u00ed\u010dky jsou vyroben\u00e9 ze sm\u011bsi sojov\u00e9ho a kokosov\u00e9ho vosku. Obsahuj\u00ed p\u0159\u00edrodn\u00ed esenci z levandule, citronov\u00e9 tr\u00e1vy a bergamotu. Ka\u017ed\u00fd kus je ru\u010dn\u011b vyroben\u00fd a malovan\u00fd, proto se jednotliv\u00e9 produkty mohou nepatrn\u011b li\u0161it.<\/p>","protected":false},"featured_media":3356,"template":"","meta":{"_kad_post_transparent":"default","_kad_post_title":"","_kad_post_layout":"default","_kad_post_sidebar_id":"","_kad_post_content_style":"default","_kad_post_vertical_padding":"default","_kad_post_feature":"","_kad_post_feature_position":"","_kad_post_header":false,"_kad_post_footer":false,"_kad_post_classname":""},"product_brand":[],"product_cat":[22,28,32],"product_tag":[42],"class_list":{"0":"post-3345","1":"product","2":"type-product","3":"status-publish","4":"has-post-thumbnail","6":"product_cat-keramika","7":"product_cat-patricie","8":"product_cat-svicky","9":"product_tag-pine-needle-colection","11":"first","12":"onbackorder","13":"featured","14":"taxable","15":"shipping-taxable","16":"purchasable","17":"product-type-simple","18":"entry","19":"content-bg","20":"loop-entry"},"_links":{"self":[{"href":"https:\/\/hildakolektiv.com\/en\/wp-json\/wp\/v2\/product\/3345","targetHints":{"allow":["GET"]}}],"collection":[{"href":"https:\/\/hildakolektiv.com\/en\/wp-json\/wp\/v2\/product"}],"about":[{"href":"https:\/\/hildakolektiv.com\/en\/wp-json\/wp\/v2\/types\/product"}],"wp:featuredmedia":[{"embeddable":true,"href":"https:\/\/hildakolektiv.com\/en\/wp-json\/wp\/v2\/media\/3356"}],"wp:attachment":[{"href":"https:\/\/hildakolektiv.com\/en\/wp-json\/wp\/v2\/media?parent=3345"}],"wp:term":[{"taxonomy":"product_brand","embeddable":true,"href":"https:\/\/hildakolektiv.com\/en\/wp-json\/wp\/v2\/product_brand?post=3345"},{"taxonomy":"product_cat","embeddable":true,"href":"https:\/\/hildakolektiv.com\/en\/wp-json\/wp\/v2\/product_cat?post=3345"},{"taxonomy":"product_tag","embeddable":true,"href":"https:\/\/hildakolektiv.com\/en\/wp-json\/wp\/v2\/product_tag?post=3345"}],"curies":[{"name":"wp","href":"https:\/\/api.w.org\/{rel}","templated":true}]}}